{"id":1029,"date":"2022-06-18T17:20:32","date_gmt":"2022-06-18T14:20:32","guid":{"rendered":"https:\/\/spoltekgroup.cz\/reference\/"},"modified":"2022-06-24T01:16:24","modified_gmt":"2022-06-23T22:16:24","slug":"references","status":"publish","type":"page","link":"https:\/\/spoltekgroup.cz\/en\/references\/","title":{"rendered":"References"},"content":{"rendered":"\t\t<div data-elementor-type=\"wp-page\" data-elementor-id=\"1029\" class=\"elementor elementor-1029 elementor-8\">\n\t\t\t\t\t\t\t<div class=\"elementor-element elementor-element-045ea5d e-container--column e-container\" data-id=\"045ea5d\" data-element_type=\"container\" data-settings=\"{&quot;background_background&quot;:&quot;classic&quot;}\">\t\t\t\t<div class=\"elementor-element elementor-element-e2812b2 elementor-widget elementor-widget-spacer\" data-id=\"e2812b2\" data-element_type=\"widget\" data-widget_type=\"spacer.default\">\n\t\t\t\t<div class=\"elementor-widget-container\">\n\t\t\t<style>\/*! elementor - v3.6.6 - 08-06-2022 *\/\n.e-container.e-container--row .elementor-spacer-inner{width:var(--spacer-size)}.e-container.e-container--column .elementor-spacer-inner,.elementor-column .elementor-spacer-inner{height:var(--spacer-size)}<\/style>\t\t<div class=\"elementor-spacer\">\n\t\t\t<div class=\"elementor-spacer-inner\"><\/div>\n\t\t<\/div>\n\t\t\t\t<\/div>\n\t\t\t\t<\/div>\n\t\t\t\t<div class=\"elementor-element elementor-element-e00a960 elementor-widget elementor-widget-heading\" data-id=\"e00a960\" data-element_type=\"widget\" data-widget_type=\"heading.default\">\n\t\t\t\t<div class=\"elementor-widget-container\">\n\t\t\t<style>\/*! elementor - v3.6.6 - 08-06-2022 *\/\n.elementor-heading-title{padding:0;margin:0;line-height:1}.elementor-widget-heading .elementor-heading-title[class*=elementor-size-]>a{color:inherit;font-size:inherit;line-height:inherit}.elementor-widget-heading .elementor-heading-title.elementor-size-small{font-size:15px}.elementor-widget-heading .elementor-heading-title.elementor-size-medium{font-size:19px}.elementor-widget-heading .elementor-heading-title.elementor-size-large{font-size:29px}.elementor-widget-heading .elementor-heading-title.elementor-size-xl{font-size:39px}.elementor-widget-heading .elementor-heading-title.elementor-size-xxl{font-size:59px}<\/style><h2 class=\"elementor-heading-title elementor-size-default\">References<\/h2>\t\t<\/div>\n\t\t\t\t<\/div>\n\t\t\t\t<div class=\"elementor-element elementor-element-bb327f7 elementor-widget elementor-widget-spacer\" data-id=\"bb327f7\" data-element_type=\"widget\" data-widget_type=\"spacer.default\">\n\t\t\t\t<div class=\"elementor-widget-container\">\n\t\t\t\t\t<div class=\"elementor-spacer\">\n\t\t\t<div class=\"elementor-spacer-inner\"><\/div>\n\t\t<\/div>\n\t\t\t\t<\/div>\n\t\t\t\t<\/div>\n\t\t<\/div>\t\t<section class=\"elementor-section elementor-top-section elementor-element elementor-element-7a1e8a60 elementor-section-boxed elementor-section-height-default elementor-section-height-default\" data-id=\"7a1e8a60\" data-element_type=\"section\">\n\t\t\t\t\t\t<div class=\"elementor-container elementor-column-gap-default\">\n\t\t\t\t\t<div class=\"elementor-column elementor-col-100 elementor-top-column elementor-element elementor-element-42c2b399\" data-id=\"42c2b399\" data-element_type=\"column\">\n\t\t\t<div class=\"elementor-widget-wrap elementor-element-populated\">\n\t\t\t\t\t\t\t\t<div class=\"elementor-element elementor-element-bc7bde0 elementor-widget elementor-widget-spacer\" data-id=\"bc7bde0\" data-element_type=\"widget\" data-widget_type=\"spacer.default\">\n\t\t\t\t<div class=\"elementor-widget-container\">\n\t\t\t\t\t<div class=\"elementor-spacer\">\n\t\t\t<div class=\"elementor-spacer-inner\"><\/div>\n\t\t<\/div>\n\t\t\t\t<\/div>\n\t\t\t\t<\/div>\n\t\t\t\t<div class=\"elementor-element elementor-element-7d3765e elementor-widget elementor-widget-text-editor\" data-id=\"7d3765e\" data-element_type=\"widget\" data-widget_type=\"text-editor.default\">\n\t\t\t\t<div class=\"elementor-widget-container\">\n\t\t\t<style>\/*! elementor - v3.6.6 - 08-06-2022 *\/\n.elementor-widget-text-editor.elementor-drop-cap-view-stacked .elementor-drop-cap{background-color:#818a91;color:#fff}.elementor-widget-text-editor.elementor-drop-cap-view-framed .elementor-drop-cap{color:#818a91;border:3px solid;background-color:transparent}.elementor-widget-text-editor:not(.elementor-drop-cap-view-default) .elementor-drop-cap{margin-top:8px}.elementor-widget-text-editor:not(.elementor-drop-cap-view-default) .elementor-drop-cap-letter{width:1em;height:1em}.elementor-widget-text-editor .elementor-drop-cap{float:left;text-align:center;line-height:1;font-size:50px}.elementor-widget-text-editor .elementor-drop-cap-letter{display:inline-block}<\/style>    <div class=\"post_list\">\n                <section><a href=\"https:\/\/spoltekgroup.cz\/en\/reference\/pod-hlinistem-praha\/\">\n            <div class=\"postik-list\">\n                <div class=\"postik-img\">\n                    <div class=\"status\">Finished <\/div>\n                    <img decoding=\"async\" width=\"480\" height=\"480\" src=\"https:\/\/spoltekgroup.cz\/wp-content\/uploads\/2022\/06\/IMG_20200330_151622-480x480-1.jpg\" class=\"attachment-post-thumbnail size-post-thumbnail wp-post-image\" alt=\"\" srcset=\"https:\/\/spoltekgroup.cz\/wp-content\/uploads\/2022\/06\/IMG_20200330_151622-480x480-1.jpg 480w, https:\/\/spoltekgroup.cz\/wp-content\/uploads\/2022\/06\/IMG_20200330_151622-480x480-1-300x300.jpg 300w, https:\/\/spoltekgroup.cz\/wp-content\/uploads\/2022\/06\/IMG_20200330_151622-480x480-1-150x150.jpg 150w\" sizes=\"(max-width: 480px) 100vw, 480px\" \/>                    <div class=\"postik-cont\">\n                    <h2 class=\"blog-title plus-title\">Pod Hlini\u0161t\u011bm, Praha<\/h2>\n                <\/div>\n                <\/div>\n                \n            <\/div>\n            <\/a><\/section>\n                    <section><a href=\"https:\/\/spoltekgroup.cz\/en\/reference\/dum-zbuzany\/\">\n            <div class=\"postik-list\">\n                <div class=\"postik-img\">\n                    <div class=\"status\">Finished <\/div>\n                    <img decoding=\"async\" width=\"480\" height=\"480\" src=\"https:\/\/spoltekgroup.cz\/wp-content\/uploads\/2022\/06\/3256af1964-480x480-1.png\" class=\"attachment-post-thumbnail size-post-thumbnail wp-post-image\" alt=\"\" srcset=\"https:\/\/spoltekgroup.cz\/wp-content\/uploads\/2022\/06\/3256af1964-480x480-1.png 480w, https:\/\/spoltekgroup.cz\/wp-content\/uploads\/2022\/06\/3256af1964-480x480-1-300x300.png 300w, https:\/\/spoltekgroup.cz\/wp-content\/uploads\/2022\/06\/3256af1964-480x480-1-150x150.png 150w\" sizes=\"(max-width: 480px) 100vw, 480px\" \/>                    <div class=\"postik-cont\">\n                    <h2 class=\"blog-title plus-title\">Zbuzany, Na Hlink\u00e1ch<\/h2>\n                <\/div>\n                <\/div>\n                \n            <\/div>\n            <\/a><\/section>\n                    <section><a href=\"https:\/\/spoltekgroup.cz\/en\/reference\/sestajovice-ulice-sedmikraskova\/\">\n            <div class=\"postik-list\">\n                <div class=\"postik-img\">\n                    <div class=\"status\">Finished <\/div>\n                    <img decoding=\"async\" width=\"480\" height=\"480\" src=\"https:\/\/spoltekgroup.cz\/wp-content\/uploads\/2022\/06\/469833ca78-480x480-1.png\" class=\"attachment-post-thumbnail size-post-thumbnail wp-post-image\" alt=\"\" srcset=\"https:\/\/spoltekgroup.cz\/wp-content\/uploads\/2022\/06\/469833ca78-480x480-1.png 480w, https:\/\/spoltekgroup.cz\/wp-content\/uploads\/2022\/06\/469833ca78-480x480-1-300x300.png 300w, https:\/\/spoltekgroup.cz\/wp-content\/uploads\/2022\/06\/469833ca78-480x480-1-150x150.png 150w\" sizes=\"(max-width: 480px) 100vw, 480px\" \/>                    <div class=\"postik-cont\">\n                    <h2 class=\"blog-title plus-title\">\u0160estajovice ulice Sedmikr\u00e1skov\u00e1<\/h2>\n                <\/div>\n                <\/div>\n                \n            <\/div>\n            <\/a><\/section>\n            <\/div>\n    <div style=\"display:flex;justify-content: center; align-items: center;\">\n<button id=\"all-skr\" onclick=\"ajaxPosts(this)\"  data-str=\"3\" class=\"showmore\">Load more<\/button>\n<\/div>\n<\/div>\n\t\t\t\t\t\t\t\t\t\t<\/div>\n\t\t\t\t<\/div>\n\t\t\t\t\t<\/div>\n\t\t<\/div>\n\t\t\t\t\t\t\t<\/div>\n\t\t<\/section>\n\t\t\t\t\t\t\t<\/div>\n\t\t","protected":false},"excerpt":{"rendered":"<p>References<\/p>\n","protected":false},"author":4,"featured_media":0,"parent":0,"menu_order":0,"comment_status":"closed","ping_status":"closed","template":"","meta":{"footnotes":""},"class_list":["post-1029","page","type-page","status-publish","hentry"],"acf":[],"_links":{"self":[{"href":"https:\/\/spoltekgroup.cz\/en\/wp-json\/wp\/v2\/pages\/1029","targetHints":{"allow":["GET"]}}],"collection":[{"href":"https:\/\/spoltekgroup.cz\/en\/wp-json\/wp\/v2\/pages"}],"about":[{"href":"https:\/\/spoltekgroup.cz\/en\/wp-json\/wp\/v2\/types\/page"}],"author":[{"embeddable":true,"href":"https:\/\/spoltekgroup.cz\/en\/wp-json\/wp\/v2\/users\/4"}],"replies":[{"embeddable":true,"href":"https:\/\/spoltekgroup.cz\/en\/wp-json\/wp\/v2\/comments?post=1029"}],"version-history":[{"count":0,"href":"https:\/\/spoltekgroup.cz\/en\/wp-json\/wp\/v2\/pages\/1029\/revisions"}],"wp:attachment":[{"href":"https:\/\/spoltekgroup.cz\/en\/wp-json\/wp\/v2\/media?parent=1029"}],"curies":[{"name":"wp","href":"https:\/\/api.w.org\/{rel}","templated":true}]}}